{"id":9285,"date":"2025-09-27T17:08:36","date_gmt":"2025-09-27T17:08:36","guid":{"rendered":"https:\/\/bitcoin-italia.com\/?page_id=9285"},"modified":"2025-10-31T06:25:19","modified_gmt":"2025-10-31T06:25:19","slug":"come-funziona-bitcoin","status":"publish","type":"page","link":"https:\/\/bitcoin-italia.com\/en\/come-funziona-bitcoin\/","title":{"rendered":"Come funziona Bitcoin"},"content":{"rendered":"<p class=\"has-primary-color has-text-color has-link-color wp-elements-3877c310d96feb8905ebb4d29e744593\" style=\"font-size:41px\">Come funziona Bitcoin<\/p>\n\n\n\n<p class=\"has-small-font-size\">Bitcoin \u00e8 un <strong>protocollo<\/strong> in cui tutte le transazioni vengono riportate su un registro digitale pubblico decentralizzato. La spina dorsale di questo asset e\u2019 un sistema di verifica decentralizzata e senza fiducia, basato sulla matematica della crittografia.<\/p>\n\n\n\n<hr class=\"wp-block-separator has-alpha-channel-opacity\"\/>\n\n\n\n<p class=\"has-primary-color has-text-color has-link-color has-large-font-size wp-elements-d792d40de9b900887c4279ba2345cb96\">Il registro<\/p>\n\n\n\n<p class=\"has-small-font-size\">Alla base di questo protocollo \u00e8 l\u2019idea appunto che tutte le transazioni siano registrate su un registro pubblico.<\/p>\n\n\n\n<hr class=\"wp-block-separator has-alpha-channel-opacity\"\/>\n\n\n\n<p class=\"has-primary-color has-text-color has-link-color has-large-font-size wp-elements-221a31b8ee88022a38168a303a6fec23\">Le firme digitali<\/p>\n\n\n\n<p class=\"has-small-font-size\">Il primo livello di verifica sull\u2019elenco delle transazioni \u00e8 che le transazioni sono protette tramite firme digitali crittografiche. Queste firme contengono una chiave pubblica e una chiave privata. Queste firme crittografiche si basano su un algoritmo ellittico. Ci\u00f2 significa che sono praticamente impossibili da decodificare, quindi impossibili da indovinare.<\/p>\n\n\n\n<p class=\"has-small-font-size\">Le firme sono in pratica impossibili da falsificare o replicare perch\u00e9 si basano su due funzioni:<\/p>\n\n\n\n<p class=\"has-small-font-size\">1. Funzione SIGN (transazione, chiave privata) = Firma<\/p>\n\n\n\n<p class=\"has-small-font-size\">2. Funzione VERIFY (Transizione, Firma, Chiave pubblica) =VERO\/FALSO<\/p>\n\n\n\n<p class=\"has-small-font-size\">Quindi ogni firma \u00e8 protetta da una chiave privata ed \u00e8 unica per il mittente ma anche per la transazione specifica. La firma apparir\u00e0 diversa per ogni transazione, quindi non solo la firma non pu\u00f2 essere falsificata, ma anche la combinazione unica transazione+firma non pu\u00f2 essere copiata.<\/p>\n\n\n\n<figure class=\"wp-block-image size-large\"><img fetchpriority=\"high\" decoding=\"async\" width=\"1024\" height=\"625\" src=\"https:\/\/bitcoin-italia.com\/wp-content\/uploads\/2025\/09\/Screenshot-2025-09-28-at-17.05.43-1024x625.png\" alt=\"\" class=\"wp-image-9326\" srcset=\"https:\/\/bitcoin-italia.com\/wp-content\/uploads\/2025\/09\/Screenshot-2025-09-28-at-17.05.43-1024x625.png 1024w, https:\/\/bitcoin-italia.com\/wp-content\/uploads\/2025\/09\/Screenshot-2025-09-28-at-17.05.43-300x183.png 300w, https:\/\/bitcoin-italia.com\/wp-content\/uploads\/2025\/09\/Screenshot-2025-09-28-at-17.05.43-768x469.png 768w, https:\/\/bitcoin-italia.com\/wp-content\/uploads\/2025\/09\/Screenshot-2025-09-28-at-17.05.43-600x366.png 600w, https:\/\/bitcoin-italia.com\/wp-content\/uploads\/2025\/09\/Screenshot-2025-09-28-at-17.05.43.png 1490w\" sizes=\"(max-width: 1024px) 100vw, 1024px\" \/><\/figure>\n\n\n\n<hr class=\"wp-block-separator has-alpha-channel-opacity\"\/>\n\n\n\n<p class=\"has-primary-color has-text-color has-link-color has-medium-font-size wp-elements-265b06e450e2845ccb9b4fd32d117b2d\">L\u2019elenco di tutte le transazioni \u00e8 la valuta<\/p>\n\n\n\n<p class=\"has-secondary-color has-text-color has-link-color has-medium-font-size wp-elements-ad7afbb716c25fd121d5ea277ba75a38\"><strong>Bitcoin <-> Protocollo<\/strong><\/p>\n\n\n\n<p class=\"has-small-font-size\">Per entrare nel sistema ed essere inclusi in questo registro, da un punto di vista pratico \u00e8 necessario collegarsi online a una piattaforma di scambio ed entrare nel registro tramite una transazione da valuta fiat a criptovaluta. Ma questo non \u00e8 sempre necessario. Se si riceve BTC perch\u00e9 si \u00e8 fornito un servizio o perch\u00e9 in cambio si \u00e8 dato USD a qualcuno che ha dato BTC in cambio, questo \u00e8 irrilevante per il sistema. Una volta che si \u00e8 all\u2019interno, la transazione \u00e8 la valuta. Non c\u2019\u00e8 bisogno di scambiare nient\u2019altro. Il protocollo garantisce che nessuno spenda piu\u2019 di quanto ha perche mantiene lo storico di tutte le transazioni. Questo step rimuove la connessione tra i registri ed il cash. Quindi il cash non serve piu\u2019. Lo storico delle transazioni e\u2019 la valuta!<\/p>\n\n\n\n<hr class=\"wp-block-separator has-alpha-channel-opacity\"\/>\n\n\n\n<p class=\"has-primary-color has-text-color has-link-color has-medium-font-size wp-elements-f59e041de6b3334e6b22377b02bafb60\">Decentralizzazione<\/p>\n\n\n\n<p class=\"has-small-font-size\">Come si fa a garantire che lo storico delle transazioni sia quello valido e sia condiviso da tutti? Chi tiene lo storico delle transazioni e ne garantisce l\u2019integrit\u00e0? Nessuna entita centrale. L\u2019elenco delle transazioni \u00e8 pubblico. TUTTI hanno una copia aggiornata del registro. Ci\u00f2 garantisce la decentralizzazione e l\u2019assenza di necessita\u2019 di fidarsi di fidarsi di qualcuno o qualcosa che garantisca il registro. Ogni volta che si verifica una nuova transazione, questa viene trasmessa a tutti i computer ovunque. La fiducia nel protocollo e\u2019 nel fatto che tutto il mondo ha la stessa copia del registro in ogni momento.<\/p>\n\n\n\n<hr class=\"wp-block-separator has-alpha-channel-opacity\"\/>\n\n\n\n<p class=\"has-primary-color has-text-color has-link-color has-medium-font-size wp-elements-962a4e2b7f81578ac1d897e24e8c70ea\">Proof of Work<\/p>\n\n\n\n<p class=\"has-small-font-size\">Entriamo nel vivo. Per garantire che tutti i registri in tutto il mondo siano gli stessi per tutti e siano quelli pi\u00f9 aggiornati, come si pu\u00f2 essere sicuri che tutti registrino le stesse transazioni nello stesso ordine e che tutti abbiano la stessa versione? Ci\u00f2 avviene attraverso un sistema chiamato Proof of Work. Proof of Work (PoW) \u00e8 il meccanismo di consenso utilizzato per proteggere la rete, convalidare le transazioni e aggiungere nuovi blocchi alla blockchain. PoW garantisce che tutti i partecipanti alla rete Bitcoin concordino sullo stato della blockchain senza bisogno di un\u2019autorit\u00e0 centrale. Impedisce la doppia spesa, garantisce la validit\u00e0 delle transazioni e rende computazionalmente esageratamente costoso attaccare la rete.<\/p>\n\n\n\n<p><\/p>\n\n\n\n<p class=\"has-small-font-size\">Quali sono le caratteristiche principali del PoW in Bitcoin?<\/p>\n\n\n\n<ul class=\"wp-block-list\">\n<li><strong>E\u2019 Decentralizzato<\/strong>: nessuna singola entit\u00e0 controlla la rete; i miner competono a livello globale.<\/li>\n<\/ul>\n\n\n\n<ul class=\"wp-block-list\">\n<li><strong>E\u2019 Immutabile<\/strong>: una volta che un blocco viene aggiunto e confermato dai blocchi successivi, modificarlo \u00e8 quasi impossibile senza rifare il lavoro per quel blocco e tutti i blocchi successivi.<\/li>\n<\/ul>\n\n\n\n<ul class=\"wp-block-list\">\n<li><strong>E\u2019 Trustless<\/strong>: i nodi possono verificare il lavoro in modo indipendente, garantendo la fiducia nel sistema senza fare affidamento su alcuna autorit\u00e0 centrale.<\/li>\n<\/ul>\n\n\n\n<p class=\"has-small-font-size\"><\/p>\n\n\n\n<p class=\"has-small-font-size\">Ma vediamo come funziona. Il Proof of Work prevede che i miner competano per risolvere un puzzle crittografico che richiede un\u2019elevata potenza di calcolo. Il primo miner che lo risolve pu\u00f2 aggiungere un nuovo blocco di transazioni alla blockchain e viene ricompensato con BTC appena coniati (ricompensa di blocco) pi\u00f9 le commissioni di transazione. Addentriamoci passo passo perche\u2019 questa e\u2019 la spina dorsale di Bitcoin. <\/p>\n\n\n\n<p class=\"has-small-font-size\">1. <strong>Raccolta delle transazioni<\/strong><\/p>\n\n\n\n<p class=\"has-small-font-size\">\u2013 Gli utenti inviano transazioni Bitcoin, che vengono trasmesse alla rete e raccolte in un pool di transazioni non confermate (il mempool), una sorta di sala di attesa.<\/p>\n\n\n\n<p class=\"has-small-font-size\">\u2013 I miner selezionano le transazioni dal mempool da includere in un blocco candidato.<\/p>\n\n\n\n<p class=\"has-small-font-size\">2. <strong>Creazione di un blocco candidato<\/strong><\/p>\n\n\n\n<p class=\"has-small-font-size\">I miner raggruppano le transazioni selezionate in un blocco e aggiungono un\u2019intestazione di blocco, che include:<\/p>\n\n\n\n<p class=\"has-small-font-size\">\u2013 Un riferimento all\u2019hash del blocco precedente (che collega i blocchi nella catena).<\/p>\n\n\n\n<p class=\"has-small-font-size\">\u2013 Un timestamp.<\/p>\n\n\n\n<p class=\"has-small-font-size\">\u2013 Un nonce (un numero casuale che i miner regolano per risolvere il puzzle).<\/p>\n\n\n\n<p class=\"has-small-font-size\">\u2013 La radice Merkle (un hash che riassume tutte le transazioni nel blocco).<\/p>\n\n\n\n<p class=\"has-small-font-size\">\u2013 L\u2019attuale obiettivo di difficolt\u00e0.<\/p>\n\n\n\n<p class=\"has-small-font-size\">3. <strong>Risoluzione del puzzle crittografico<\/strong><\/p>\n\n\n\n<p class=\"has-small-font-size\">\u2013 I miner devono a questo punto trovare un nonce che, combinato con l\u2019intestazione del blocco e sottoposto a hash (utilizzando l\u2019algoritmo SHA-256), produca un valore hash inferiore a un valore target specifico impostato dalla difficolt\u00e0 della rete (questo lo spiegheremo tra un attimo).<br>\u2013 L\u2019obiettivo \u00e8 un numero molto piccolo, quindi l\u2019hash deve iniziare con un certo numero di zeri iniziali (ad esempio, <code>000000...<\/code>). Questo \u00e8 ci\u00f2 che rende difficile il puzzle.<br>\u2013 I miner provano ripetutamente diversi nonce, eseguendo l\u2019hash dell\u2019intestazione del blocco ogni volta, fino a quando non trovano un hash valido o un altro miner li batte sul tempo. Come un\u2019estrazione di numeri di una lotteria.<\/p>\n\n\n\n<p class=\"has-small-font-size\">4. <strong>Trasmissione della soluzione<\/strong><\/p>\n\n\n\n<p class=\"has-small-font-size\">\u2013 Quando un miner trova un hash valido (ovvero uno che soddisfa l\u2019obiettivo di difficolt\u00e0), trasmette il blocco completato alla rete.<\/p>\n\n\n\n<p class=\"has-small-font-size\">\u2013 Gli altri nodi verificano il blocco controllando che: l\u2019hash soddisfi il requisito di difficolt\u00e0, le transazioni nel blocco siano valide (ad esempio, nessuna doppia spesa) e che il blocco segua le regole di Bitcoin (ad esempio, dimensione corretta del blocco, firme valide).<\/p>\n\n\n\n<p class=\"has-small-font-size\">5. <strong>Aggiunta alla blockchain<\/strong><\/p>\n\n\n\n<p class=\"has-small-font-size\">Se il blocco \u00e8 valido, gli altri nodi lo accettano e lo aggiungono alla loro copia della blockchain. I miner passano quindi al blocco successivo, utilizzando l\u2019hash del blocco appena aggiunto come riferimento per il prossimo blocco candidato.<\/p>\n\n\n\n<p class=\"has-small-font-size\">6. <strong>Ricompensa del blocco<\/strong><\/p>\n\n\n\n<p class=\"has-small-font-size\">Il miner che ha completato con successo la transazione riceve una ricompensa (BTC appena coniati) e le commissioni delle transazioni incluse nel blocco. A settembre 2025, la ricompensa del blocco \u00e8 di 3,125 BTC (dimezzata rispetto ai 6,25 BTC di maggio 2024).<\/p>\n\n\n\n<p class=\"has-small-font-size\">7. <strong>Regolazione della difficolt\u00e0<\/strong><\/p>\n\n\n\n<p class=\"has-small-font-size\">Osserviamo che la difficolt\u00e0 del puzzle viene regolata approssimativamente ogni due settimane (o ogni 2.016 blocchi) per garantire che i blocchi vengano estratti all\u2019incirca ogni 10 minuti, indipendentemente dalla potenza di calcolo totale (hash rate) nella rete.<\/p>\n\n\n\n<p class=\"has-small-font-size\">Se si aggiungono altri miner e l\u2019hash rate aumenta, la difficolt\u00e0 aumenta (il valore target diminuisce).<\/p>\n\n\n\n<p class=\"has-small-font-size\">Se i miner abbandonano e l\u2019hash rate diminuisce, la difficolt\u00e0 diminuisce (il valore target aumenta).<\/p>\n\n\n\n<p><\/p>\n\n\n\n<p class=\"has-small-font-size\"><strong>Perch\u00e9 questo sistema \u00e8 sicuro?<\/strong><\/p>\n\n\n\n<ul class=\"wp-block-list\">\n<li><strong>Costo computazionale<\/strong>: risolvere il puzzle richiede una notevole potenza di calcolo ed energia, rendendo costoso attaccare la rete (ad esempio, cercando di riscrivere la blockchain).<\/li>\n<\/ul>\n\n\n\n<ul class=\"wp-block-list\">\n<li><strong>Incentivi economici<\/strong>: i miner sono incentivati a seguire le regole perch\u00e9 guadagnano ricompense per il loro comportamento onesto. Attaccare la rete (ad esempio tramite un attacco del 51%) \u00e8 costoso e difficilmente redditizio.<\/li>\n<\/ul>\n\n\n\n<ul class=\"wp-block-list\">\n<li><strong>Catena di fiducia<\/strong>: la catena pi\u00f9 lunga con il maggior lavoro accumulato (hash) \u00e8 considerata la blockchain valida, rendendo difficile per gli attori malintenzionati proporre una catena alternativa a meno che non controllino la maggior parte dell\u2019hash rate della rete.<\/li>\n<\/ul>\n\n\n\n<hr class=\"wp-block-separator has-alpha-channel-opacity\"\/>\n\n\n\n<p class=\"has-primary-color has-text-color has-link-color has-medium-font-size wp-elements-b748d59eb8103481155d79fdd5dd523c\">La Blockchain<\/p>\n\n\n\n<p class=\"has-small-font-size\">Recuperiamo un paio di concetti importanti gia introdotti nel paragrafo precedente. Abbiamo detto che il registro \u00e8 organizzato in blocchi. Allo stesso modo in cui una transazione \u00e8 considerata valida solo se firmata dal mittente, un blocco \u00e8 considerato valido solo se ha una Proof of Work. E per garantire che i blocchi seguano un ordine di transazioni, come gia\u2019 spiegato, facciamo in modo che un blocco contenga anche l\u2019hash del blocco precedente. Questo rende tutti i blocchi \u201cconcatenati\u201d insieme e parliamo quindi di blockchain.\u00a0<\/p>\n\n\n\n<figure class=\"wp-block-image size-large\"><img decoding=\"async\" width=\"1024\" height=\"625\" src=\"https:\/\/bitcoin-italia.com\/wp-content\/uploads\/2025\/09\/Screenshot-2025-09-28-at-17.28.14-1024x625.png\" alt=\"\" class=\"wp-image-9328\" srcset=\"https:\/\/bitcoin-italia.com\/wp-content\/uploads\/2025\/09\/Screenshot-2025-09-28-at-17.28.14-1024x625.png 1024w, https:\/\/bitcoin-italia.com\/wp-content\/uploads\/2025\/09\/Screenshot-2025-09-28-at-17.28.14-300x183.png 300w, https:\/\/bitcoin-italia.com\/wp-content\/uploads\/2025\/09\/Screenshot-2025-09-28-at-17.28.14-768x469.png 768w, https:\/\/bitcoin-italia.com\/wp-content\/uploads\/2025\/09\/Screenshot-2025-09-28-at-17.28.14-600x366.png 600w, https:\/\/bitcoin-italia.com\/wp-content\/uploads\/2025\/09\/Screenshot-2025-09-28-at-17.28.14.png 1490w\" sizes=\"(max-width: 1024px) 100vw, 1024px\" \/><\/figure>\n\n\n\n<hr class=\"wp-block-separator has-alpha-channel-opacity\"\/>\n\n\n\n<p class=\"has-primary-color has-text-color has-link-color has-medium-font-size wp-elements-60d1e9fc2f6993d655211a3d7881522c\">Il Mining<\/p>\n\n\n\n<p class=\"has-small-font-size\">Il secondo concetto che vogliamo riprendere \u00e8 quello del mining. Chiunque nel mondo pu\u00f2 potenzialmente eseguire la Proof of Work, ovvero ascoltare le transazioni trasmesse, raccoglierle in un nuovo blocco e poi svolgere il lavoro computazionale per trovare il numero speciale che fa s\u00ec che la funzione ash inizi con un numero prestabilito di zeri.<\/p>\n\n\n\n<p class=\"has-small-font-size\">Quindi, quando parliamo di miner, in realt\u00e0 si tratta di partecipanti che ascoltano le transazioni e le convalidano ottenendo una ricompensa. Tutti i BTC esistenti vengono introdotti nel sistema con questo processo. Ogni 210.000 blocchi, ovvero all\u2019incirca ogni 4 anni, la ricompensa si dimezza (come detto prima, al momento \u00e8 pi\u00f9 o meno 3 BTC per blocco).\u00a0<\/p>\n\n\n\n<hr class=\"wp-block-separator has-alpha-channel-opacity\"\/>\n\n\n\n<hr class=\"wp-block-separator has-alpha-channel-opacity\"\/>\n\n\n\n<p class=\"has-primary-color has-text-color has-link-color has-small-font-size wp-elements-5d73b8ae684a1739a7402fc5a57f5f28\">Questo piu\u2019 o meno da\u2019 un idea di come funziona Bitcoin. Alcuni dettagli tecnici sono stati omessi, per non complicare troppo la spiegazione. Questa spiegazione non e\u2019 necessaria per operare, scambiare o investire in Bitcoin. Serve solo per capire cosa sia e come funzioni questa innovazione, e ci auguriamo possa aiutare a comprenderne la portata.<\/p>\n\n\n\n<h5 class=\"wp-block-heading has-small-font-size\"><\/h5>\n\n\n\n<p><\/p>","protected":false},"excerpt":{"rendered":"<p>Come funziona Bitcoin Bitcoin \u00e8 un protocollo in cui tutte le transazioni vengono riportate su un registro digitale pubblico decentralizzato. La spina dorsale di questo asset e\u2019 un sistema di verifica decentralizzata e senza fiducia, basato sulla matematica della crittografia. Il registro Alla base di questo protocollo \u00e8 l\u2019idea appunto che tutte le transazioni siano [&hellip;]<\/p>\n","protected":false},"author":1,"featured_media":0,"parent":0,"menu_order":0,"comment_status":"closed","ping_status":"closed","template":"","meta":{"hide_page_title":"","footnotes":""},"class_list":["post-9285","page","type-page","status-publish","hentry"],"_links":{"self":[{"href":"https:\/\/bitcoin-italia.com\/en\/wp-json\/wp\/v2\/pages\/9285","targetHints":{"allow":["GET"]}}],"collection":[{"href":"https:\/\/bitcoin-italia.com\/en\/wp-json\/wp\/v2\/pages"}],"about":[{"href":"https:\/\/bitcoin-italia.com\/en\/wp-json\/wp\/v2\/types\/page"}],"author":[{"embeddable":true,"href":"https:\/\/bitcoin-italia.com\/en\/wp-json\/wp\/v2\/users\/1"}],"replies":[{"embeddable":true,"href":"https:\/\/bitcoin-italia.com\/en\/wp-json\/wp\/v2\/comments?post=9285"}],"version-history":[{"count":21,"href":"https:\/\/bitcoin-italia.com\/en\/wp-json\/wp\/v2\/pages\/9285\/revisions"}],"predecessor-version":[{"id":9510,"href":"https:\/\/bitcoin-italia.com\/en\/wp-json\/wp\/v2\/pages\/9285\/revisions\/9510"}],"wp:attachment":[{"href":"https:\/\/bitcoin-italia.com\/en\/wp-json\/wp\/v2\/media?parent=9285"}],"curies":[{"name":"wp","href":"https:\/\/api.w.org\/{rel}","templated":true}]}}